{"id":3,"date":"2023-05-03T22:01:41","date_gmt":"2023-05-03T22:01:41","guid":{"rendered":"http:\/\/miainstallations.com\/?page_id=3"},"modified":"2023-07-14T03:50:55","modified_gmt":"2023-07-14T07:50:55","slug":"privacy-policy","status":"publish","type":"page","link":"https:\/\/miainstallations.com\/fr\/privacy-policy\/","title":{"rendered":"politique de confidentialit\u00e9"},"content":{"rendered":"<div class=\"grve-section grve-row-section grve-fullwidth-background grve-padding-top-1x grve-padding-bottom-1x grve-with-bg-transparent\" data-header-color=\"default\"><div class=\"grve-container\"><div class=\"grve-row grve-bookmark grve-columns-gap-default grve-mobile-vertical-gap-30\"><div class=\"grve-column wpb_column grve-bookmark grve-column-1  grve-with-bg-transparent\"><div class=\"grve-column-wrapper\"><div class=\"grve-column-content\" ><div class=\"grve-element grve-text\">\r\n\t\t\t<p class=\"documentTitle\"><strong>www.miainstallations.com Politique de confidentialit\u00e9<\/strong><\/p>\n<p>Type de site web : Services<br \/>Date d'entr\u00e9e en vigueur : 3e jour de juillet 2023<\/p>\n<p>www.miainstallations.com (le \"site\") est d\u00e9tenu et exploit\u00e9 par Mia Installations Inc. Mia Installations Inc. peut \u00eatre contact\u00e9e \u00e0 l'adresse suivante :<\/p>\n<p>info@miainstallations.com<br \/>(514) 466-9986<br \/>Montr\u00e9al QC, Canada<\/p>\n<p><strong>Objectif<\/strong><br \/>La pr\u00e9sente politique de protection de la vie priv\u00e9e (ci-apr\u00e8s d\u00e9nomm\u00e9e \"politique de protection de la vie priv\u00e9e\") a pour objet d'informer les utilisateurs de notre site des \u00e9l\u00e9ments suivants :<\/p>\n<ol start=\"1\">\n<li value=\"1\">Les donn\u00e9es personnelles que nous collecterons ;<\/li>\n<li value=\"2\">Utilisation des donn\u00e9es collect\u00e9es ;<\/li>\n<li value=\"3\">Qui a acc\u00e8s aux donn\u00e9es collect\u00e9es ;<\/li>\n<li value=\"4\">les droits des utilisateurs du site ; et<\/li>\n<li value=\"5\">La politique du site en mati\u00e8re de cookies.<\/li>\n<\/ol>\n<p>La pr\u00e9sente politique de confidentialit\u00e9 s'applique en compl\u00e9ment des conditions g\u00e9n\u00e9rales de notre site.<\/p>\n<div>\n<p><strong>Consentement<\/strong><br \/>En utilisant notre site, les utilisateurs acceptent de :<\/p>\n<ol start=\"1\">\n<li value=\"1\">les conditions \u00e9nonc\u00e9es dans la pr\u00e9sente politique de confidentialit\u00e9 ; et<\/li>\n<li value=\"2\">La collecte, l'utilisation et la conservation des donn\u00e9es \u00e9num\u00e9r\u00e9es dans la pr\u00e9sente politique de confidentialit\u00e9.<\/li>\n<\/ol>\n<\/div>\n<p><strong>Donn\u00e9es personnelles que nous collectons<\/strong><br \/>Nous ne recueillons que les donn\u00e9es qui nous aident \u00e0 atteindre l'objectif d\u00e9fini dans la pr\u00e9sente politique de protection de la vie priv\u00e9e. Nous ne collecterons pas d'autres donn\u00e9es que celles \u00e9num\u00e9r\u00e9es ci-dessous sans vous en informer au pr\u00e9alable.<\/p>\n<p><strong>Donn\u00e9es collect\u00e9es de mani\u00e8re non automatique<\/strong><br \/>Nous pouvons \u00e9galement collecter les donn\u00e9es suivantes lorsque vous effectuez certaines fonctions sur notre site :<\/p>\n<ol start=\"1\">\n<li value=\"1\">Nom et pr\u00e9nom ;<\/li>\n<li value=\"2\">Adresse \u00e9lectronique ; et<\/li>\n<li value=\"3\">Num\u00e9ro de t\u00e9l\u00e9phone.<\/li>\n<\/ol>\n<p><span style=\"text-decoration: underline;\">Ces donn\u00e9es peuvent \u00eatre collect\u00e9es \u00e0 l'aide des m\u00e9thodes suivantes :<\/span><\/p>\n<ol start=\"1\">\n<li value=\"1\">Envoi d'un formulaire de contact.<\/li>\n<\/ol>\n<p><strong>Comment nous utilisons les donn\u00e9es personnelles<\/strong><br \/>Les donn\u00e9es collect\u00e9es sur notre site ne seront utilis\u00e9es qu'aux fins sp\u00e9cifi\u00e9es dans la pr\u00e9sente politique de confidentialit\u00e9 ou indiqu\u00e9es sur les pages correspondantes de notre site. Nous n'utiliserons pas vos donn\u00e9es au-del\u00e0 de ce que nous indiquons dans la pr\u00e9sente politique de confidentialit\u00e9.<\/p>\n<p>Les donn\u00e9es que nous collectons lorsque l'utilisateur ex\u00e9cute certaines fonctions peuvent \u00eatre utilis\u00e9es aux fins suivantes :<\/p>\n<ol start=\"1\">\n<li value=\"1\">Communication ;<\/li>\n<li value=\"2\">Cr\u00e9ation d'un devis ; et<\/li>\n<li value=\"3\">Personnalisation des services.<\/li>\n<\/ol>\n<p><strong>Avec qui partageons-nous les donn\u00e9es personnelles ?<\/strong><br \/>Employ\u00e9s<br \/>Nous pouvons divulguer les donn\u00e9es des utilisateurs \u00e0 tout membre de notre organisation qui a raisonnablement besoin d'acc\u00e9der aux donn\u00e9es des utilisateurs pour atteindre les objectifs d\u00e9finis dans la pr\u00e9sente politique de protection de la vie priv\u00e9e.<\/p>\n<div>\n<p><strong>Autres informations<\/strong><br \/>Nous ne vendrons ni ne partagerons vos donn\u00e9es avec des tiers, sauf dans les cas suivants :<\/p>\n<ol start=\"1\">\n<li value=\"1\">Si la loi l'exige ;<\/li>\n<li value=\"2\">Si elle est n\u00e9cessaire pour une proc\u00e9dure judiciaire ;<\/li>\n<li value=\"3\">prouver ou prot\u00e9ger nos droits l\u00e9gaux ; et<\/li>\n<li value=\"4\">Aux acheteurs ou aux acheteurs potentiels de cette entreprise dans le cas o\u00f9 nous chercherions \u00e0 vendre l'entreprise.<\/li>\n<\/ol>\n<p>Si vous suivez des hyperliens de notre site vers un autre site, veuillez noter que nous ne sommes pas responsables de leurs politiques et pratiques en mati\u00e8re de protection de la vie priv\u00e9e et que nous n'avons aucun contr\u00f4le sur celles-ci.<\/p>\n<\/div>\n<p><strong>Dur\u00e9e de conservation des donn\u00e9es personnelles<\/strong><br \/>Les donn\u00e9es des utilisateurs seront conserv\u00e9es jusqu'\u00e0 ce que l'objectif pour lequel elles ont \u00e9t\u00e9 collect\u00e9es ait \u00e9t\u00e9 atteint.<\/p>\n<p>Vous serez inform\u00e9 si vos donn\u00e9es sont conserv\u00e9es au-del\u00e0 de cette p\u00e9riode.<\/p>\n<p><strong>Comment nous prot\u00e9geons vos donn\u00e9es personnelles<\/strong><br \/>Afin de prot\u00e9ger vos informations personnelles, nous utilisons le cryptage de navigateur le plus puissant qui soit et nous stockons toutes nos donn\u00e9es sur des serveurs situ\u00e9s dans des installations s\u00e9curis\u00e9es. Toutes les donn\u00e9es ne sont accessibles qu'\u00e0 nos employ\u00e9s. Nos employ\u00e9s sont li\u00e9s par des accords de confidentialit\u00e9 stricts et toute violation de cet accord entra\u00eenerait le licenciement de l'employ\u00e9.<\/p>\n<p>Bien que nous prenions toutes les pr\u00e9cautions raisonnables pour garantir la s\u00e9curit\u00e9 des donn\u00e9es des utilisateurs et leur protection, il subsiste toujours un risque de pr\u00e9judice. L'Internet dans son ensemble est parfois peu s\u00fbr et nous ne pouvons donc pas garantir la s\u00e9curit\u00e9 des donn\u00e9es des utilisateurs au-del\u00e0 de ce qui est raisonnablement possible.<\/p>\n<div>\n<p><strong>Les enfants<\/strong><br \/>Nous ne collectons ni n'utilisons sciemment les donn\u00e9es personnelles d'enfants de moins de 13 ans. Si nous apprenons que nous avons collect\u00e9 des donn\u00e9es personnelles aupr\u00e8s d'un enfant de moins de 13 ans, ces donn\u00e9es seront supprim\u00e9es d\u00e8s que possible. Si un enfant de moins de 13 ans nous a fourni des donn\u00e9es personnelles, ses parents ou son tuteur peuvent contacter notre responsable de la protection de la vie priv\u00e9e.<\/p>\n<\/div>\n<p><strong>Comment acc\u00e9der aux donn\u00e9es collect\u00e9es, les modifier, les supprimer ou les contester ?<\/strong><br \/>Si vous souhaitez savoir si nous avons collect\u00e9 vos donn\u00e9es personnelles, comment nous les avons utilis\u00e9es, si nous les avons divulgu\u00e9es et \u00e0 qui nous les avons divulgu\u00e9es, ou si vous souhaitez que vos donn\u00e9es soient supprim\u00e9es ou modifi\u00e9es de quelque mani\u00e8re que ce soit, veuillez contacter notre responsable de la protection de la vie priv\u00e9e ici :<\/p>\n<p>M. Younes<br \/>info@miainstallations.com<br \/>(514) 466-9986<br \/>Montr\u00e9al QC, Canada<\/p>\n<div>\n<p><strong>Politique en mati\u00e8re de cookies<\/strong><br \/>Un cookie est un petit fichier stock\u00e9 sur le disque dur de l'utilisateur par un site web. Il a pour but de collecter des donn\u00e9es relatives aux habitudes de navigation de l'utilisateur. Vous pouvez choisir d'\u00eatre averti \u00e0 chaque fois qu'un cookie est transmis. Vous pouvez \u00e9galement choisir de d\u00e9sactiver compl\u00e8tement les cookies dans votre navigateur internet, mais cela peut diminuer la qualit\u00e9 de votre exp\u00e9rience utilisateur.<\/p>\n<p><strong>Nous utilisons les types de cookies suivants sur notre site :<\/strong><\/p>\n<ol start=\"1\">\n<li value=\"1\">Cookies fonctionnels<br \/>Les cookies fonctionnels sont utilis\u00e9s pour m\u00e9moriser les s\u00e9lections que vous faites sur notre site, de sorte que vos s\u00e9lections sont sauvegard\u00e9es pour vos prochaines visites ;<\/li>\n<li value=\"2\">Cookies analytiques<br \/>Les cookies analytiques nous permettent d'am\u00e9liorer la conception et la fonctionnalit\u00e9 de notre site en collectant des donn\u00e9es sur la mani\u00e8re dont vous acc\u00e9dez \u00e0 notre site, par exemple des donn\u00e9es sur le contenu auquel vous acc\u00e9dez, la dur\u00e9e de votre visite sur notre site, etc ;<\/li>\n<li value=\"3\">Cookies de ciblage<br \/>Les cookies de ciblage recueillent des donn\u00e9es sur la mani\u00e8re dont vous utilisez le site et sur vos pr\u00e9f\u00e9rences. Cela nous permet de personnaliser les informations que vous voyez sur notre site ; et<\/li>\n<li value=\"4\">Cookies de tiers<br \/>Les cookies tiers sont cr\u00e9\u00e9s par un site web autre que le n\u00f4tre. Nous pouvons utiliser des cookies tiers pour atteindre les objectifs suivants :\n<ol start=\"1\">\n<li value=\"1\">Suivre les pr\u00e9f\u00e9rences des utilisateurs afin d'adapter les publicit\u00e9s \u00e0 leurs centres d'int\u00e9r\u00eat.<\/li>\n<\/ol>\n<\/li>\n<\/ol>\n<\/div>\n<p><strong>Modifications<\/strong><br \/>La pr\u00e9sente politique de protection de la vie priv\u00e9e peut \u00eatre modifi\u00e9e de temps \u00e0 autre afin de rester conforme \u00e0 la loi et de refl\u00e9ter toute modification apport\u00e9e \u00e0 notre processus de collecte de donn\u00e9es. Lorsque nous modifions la pr\u00e9sente politique de confidentialit\u00e9, nous mettons \u00e0 jour la \"date d'entr\u00e9e en vigueur\" en haut de la pr\u00e9sente politique de confidentialit\u00e9. Nous recommandons \u00e0 nos utilisateurs de consulter r\u00e9guli\u00e8rement notre politique de protection de la vie priv\u00e9e afin de s'assurer qu'ils sont inform\u00e9s de toute mise \u00e0 jour. Le cas \u00e9ch\u00e9ant, nous pouvons informer les utilisateurs par courrier \u00e9lectronique des modifications apport\u00e9es \u00e0 la pr\u00e9sente politique de confidentialit\u00e9.<\/p>\n<p><strong>Informations sur le contact<\/strong><br \/>Si vous avez des questions, des pr\u00e9occupations ou des plaintes, vous pouvez contacter notre responsable de la protection de la vie priv\u00e9e, M. Younes, \u00e0 l'adresse suivante :<\/p>\n<p>info@miainstallations.com<br \/>(514) 466-9986<br \/>Montr\u00e9al QC, Canada<\/p>\n\r\n\t\t<\/div>\r\n\t<\/div><\/div><\/div><\/div><\/div><\/div>","protected":false},"excerpt":{"rendered":"www.miainstallations.com Privacy Policy Type of website: ServicesEffective date: 3rd day of July, 2023 www.miainstallations.com (the \"Site\") is owned and operated by Mia Installations Inc.. Mia Installations Inc. can be contacted at: info@miainstallations.com(514) 466-9986Montr\u00e9al QC, Canada PurposeThe purpose of this privacy policy (this \"Privacy Policy\") is to inform users of our Site of the following: The [...]","protected":false},"author":1,"featured_media":8262,"parent":0,"menu_order":0,"comment_status":"closed","ping_status":"closed","template":"","meta":{"footnotes":""},"class_list":["post-3","page","type-page","status-publish","has-post-thumbnail","hentry","grve-entry-item"],"_links":{"self":[{"href":"https:\/\/miainstallations.com\/fr\/wp-json\/wp\/v2\/pages\/3","targetHints":{"allow":["GET"]}}],"collection":[{"href":"https:\/\/miainstallations.com\/fr\/wp-json\/wp\/v2\/pages"}],"about":[{"href":"https:\/\/miainstallations.com\/fr\/wp-json\/wp\/v2\/types\/page"}],"author":[{"embeddable":true,"href":"https:\/\/miainstallations.com\/fr\/wp-json\/wp\/v2\/users\/1"}],"replies":[{"embeddable":true,"href":"https:\/\/miainstallations.com\/fr\/wp-json\/wp\/v2\/comments?post=3"}],"version-history":[{"count":4,"href":"https:\/\/miainstallations.com\/fr\/wp-json\/wp\/v2\/pages\/3\/revisions"}],"predecessor-version":[{"id":8475,"href":"https:\/\/miainstallations.com\/fr\/wp-json\/wp\/v2\/pages\/3\/revisions\/8475"}],"wp:featuredmedia":[{"embeddable":true,"href":"https:\/\/miainstallations.com\/fr\/wp-json\/wp\/v2\/media\/8262"}],"wp:attachment":[{"href":"https:\/\/miainstallations.com\/fr\/wp-json\/wp\/v2\/media?parent=3"}],"curies":[{"name":"wp","href":"https:\/\/api.w.org\/{rel}","templated":true}]}}