{"id":4922,"date":"2023-04-28T10:06:23","date_gmt":"2023-04-28T10:06:23","guid":{"rendered":"https:\/\/miainstallations.com\/about-ii\/"},"modified":"2023-06-03T05:17:15","modified_gmt":"2023-06-03T05:17:15","slug":"a-propos","status":"publish","type":"page","link":"https:\/\/miainstallations.com\/fr\/about\/","title":{"rendered":"\u00c0 propos"},"content":{"rendered":"<div class=\"grve-section grve-row-section grve-fullwidth-background grve-padding-top-1x grve-padding-bottom-1x grve-with-bg-transparent\" data-header-color=\"default\"><div class=\"grve-container\"><div class=\"grve-row grve-bookmark grve-columns-gap-default grve-mobile-vertical-gap-30\"><div class=\"grve-column wpb_column grve-bookmark grve-column-1 grve-wpb-1599463416711 grve-with-bg-transparent\"><div class=\"grve-column-wrapper\"><div class=\"grve-column-content\" ><div class=\"grve-inner-section grve-with-bg-transparent\"><div class=\"grve-row-inner grve-bookmark grve-columns-gap-default grve-mobile-vertical-gap-30\"><div class=\"grve-column-inner wpb_column grve-column-1-4  grve-tablet-sm-column-1-12 grve-with-bg-transparent grve-empty-column\"><div class=\"grve-column-wrapper-inner\"><div class=\"grve-column-inner-content\" ><\/div><\/div><\/div><div class=\"grve-column-inner wpb_column grve-column-1-2  grve-tablet-column-5-6 grve-tablet-sm-column-11-12 grve-with-bg-transparent\"><div class=\"grve-column-wrapper-inner\"><div class=\"grve-column-inner-content\" ><h1 class=\"grve-element grve-animated-text grve-animated-item grve-align-center grve-h1 grve-style-2\" data-style=\"style-2\" data-delay=\"300\" data-duration=\"normal\"><span class=\"grve-animated-entry\"><span class=\"grve-line\">Histoire d'un succ\u00e8s<\/span><\/span><\/h1><div class=\"grve-element grve-divider\"><span class=\"grve-custom-divider grve-bg-primary-1 grve-align-center\" style=\"width: 100px;height: 2px;\"><\/span><\/div><\/div><\/div><\/div><div class=\"grve-column-inner wpb_column grve-column-1-4  grve-tablet-column-hide grve-tablet-sm-column-hide grve-with-bg-transparent grve-empty-column\"><div class=\"grve-column-wrapper-inner\"><div class=\"grve-column-inner-content\" ><\/div><\/div><\/div><div class=\"grve-column-inner wpb_column grve-column-1  grve-with-bg-transparent\"><div class=\"grve-column-wrapper-inner\"><div class=\"grve-column-inner-content\" ><div style=\"height: 40px;\" class=\"grve-empty-space\"><\/div><div class=\"grve-element grve-text grve-page-description\">\r\n\t\t\t<p style=\"text-align: center;\">Depuis plusieurs ann\u00e9es, Mia installations inc. installe autant d'appareils que possible pour satisfaire la client\u00e8le avec des r\u00e9sultats exceptionnels. Les techniciens de Mia installations visent \u00e0 faciliter la t\u00e2che de ses clients dans l'installation et le calibrage d'appareils \u00e9lectrom\u00e9nagers. Gr\u00e2ce aux techniciens efficaces de Mia installations, cette entreprise se d\u00e9marque de ses concurrents avec un service in\u00e9gal\u00e9 dans l'installation d'appareils \u00e9lectrom\u00e9nagers dans la grande r\u00e9gion de Montr\u00e9al.<\/p>\n\r\n\t\t<\/div>\r\n\t<\/div><\/div><\/div><\/div><\/div><\/div><\/div><\/div><\/div><\/div><\/div><div class=\"grve-section grve-row-section grve-fullwidth grve-with-bg-transparent\" data-header-color=\"default\"><div class=\"grve-container\"><div class=\"grve-row grve-bookmark grve-columns-gap-default grve-mobile-vertical-gap-30\"><div class=\"grve-column wpb_column grve-bookmark grve-column-1 grve-wpb-1599469882641 grve-horizontal-position-center grve-with-bg-transparent\"><div class=\"grve-column-wrapper\"><div class=\"grve-column-content\"  style=\"max-width: 1920px;\"><div class=\"grve-inner-section grve-with-bg-transparent\"><div class=\"grve-row-inner grve-bookmark grve-columns-gap-default grve-mobile-vertical-gap-30\"><div class=\"grve-column-inner wpb_column grve-column-1-6  grve-tablet-sm-column-1-12 grve-with-bg-transparent grve-empty-column\"><div class=\"grve-column-wrapper-inner\"><div class=\"grve-column-inner-content\" ><\/div><\/div><\/div><div class=\"grve-column-inner wpb_column grve-column-5-6  grve-tablet-sm-column-11-12 grve-with-bg-transparent\"><div class=\"grve-column-wrapper-inner\"><div class=\"grve-column-inner-content\" ><div data-clipping-color=\"black\" data-animation=\"colored-clipping-left\" data-delay=\"300\" data-duration=\"slow\" class=\"grve-element grve-image grve-align-left grve-clipping-animation grve-advanced-animation grve-colored-clipping grve-animated-item grve-image-space-100 grve-image-expand-width\">\r\n\t<div class=\"grve-image-item\">\r\n\t\t\r\n\r\n<div class=\"grve-image-wrapper grve-no-effect\">\r\n\t\t<div class=\"grve-thumbnail-wrapper\"><div class=\"grve-thumbnail\"  style=\"padding-top: 59.531%;\"><img loading=\"lazy\" decoding=\"async\" width=\"1920\" height=\"1143\" src=\"https:\/\/miainstallations.com\/wp-content\/uploads\/2023\/05\/mia-installations-1920x1143.jpg\" class=\"attachment-impeka-grve-fullscreen size-impeka-grve-fullscreen\" alt=\"miainstallations.com\" data-column-space=\"100\" data-lazyload=\"off\" data-grve-filter=\"yes\" srcset=\"https:\/\/miainstallations.com\/wp-content\/uploads\/2023\/05\/mia-installations-1920x1143.jpg 1920w, https:\/\/miainstallations.com\/wp-content\/uploads\/2023\/05\/mia-installations-300x179.jpg 300w, https:\/\/miainstallations.com\/wp-content\/uploads\/2023\/05\/mia-installations-1024x610.jpg 1024w, https:\/\/miainstallations.com\/wp-content\/uploads\/2023\/05\/mia-installations-768x457.jpg 768w, https:\/\/miainstallations.com\/wp-content\/uploads\/2023\/05\/mia-installations-1536x914.jpg 1536w, https:\/\/miainstallations.com\/wp-content\/uploads\/2023\/05\/mia-installations-600x357.jpg 600w\" sizes=\"auto, (max-width: 1920px) 100vw, 1920px\" \/><\/div><\/div>\t<\/div>\r\n\t<\/div>\r\n<\/div>\r\n<\/div><\/div><\/div><\/div><\/div><\/div><\/div><\/div><\/div><\/div><\/div><div class=\"grve-section grve-row-section grve-fullwidth-background grve-padding-bottom-4x grve-headings-white grve-with-bg-color\" data-header-color=\"light\"  style=\"background-color:#000000;color:#ffffff;padding-top: 20%;\"><div class=\"grve-container\"><div class=\"grve-row grve-bookmark grve-columns-gap-default grve-mobile-vertical-gap-30\"><div class=\"grve-column wpb_column grve-bookmark grve-column-1-6  grve-tablet-sm-column-1-12 grve-with-bg-transparent grve-empty-column\"><div class=\"grve-column-wrapper\"><div class=\"grve-column-content\" ><\/div><\/div><\/div><div class=\"grve-column wpb_column grve-bookmark grve-column-3-4  grve-tablet-column-5-6 grve-tablet-sm-column-11-12 grve-with-bg-transparent\"><div class=\"grve-column-wrapper\"><div class=\"grve-column-content\" ><div class=\"grve-inner-section grve-with-bg-transparent\"><div class=\"grve-row-inner grve-bookmark grve-columns-gap-default grve-mobile-vertical-gap-30\"><div class=\"grve-column-inner wpb_column grve-column-1  grve-with-bg-transparent\"><div class=\"grve-column-wrapper-inner\"><div class=\"grve-column-inner-content\" ><div class=\"grve-empty-space grve-height-4x\"><\/div><h3 class=\"grve-element grve-title grve-align-center grve-h4\"><span>Notre m\u00e9thode est diff\u00e9rente des autres. Nous mettons l'accent sur <span style=\"color: #46b9fb;\">votre confort.<\/span><\/span><\/h3><\/div><\/div><\/div><div class=\"grve-column-inner wpb_column grve-column-1  grve-with-bg-transparent\"><div class=\"grve-column-wrapper-inner\"><div class=\"grve-column-inner-content\" ><div class=\"grve-empty-space grve-height-3x\"><\/div><\/div><\/div><\/div><div class=\"grve-column-inner wpb_column grve-column-1-3  grve-with-bg-transparent\"><div class=\"grve-column-wrapper-inner\"><div class=\"grve-column-inner-content\" ><div data-animation=\"fade-in-up\" data-delay=\"200\" data-duration=\"normal\" class=\"grve-element grve-box-icon grve-small grve-top-icon grve-animated-item grve-align-left\"><div class=\"grve-wrapper-icon\" style=\"\"><span class=\"grve-box-icon et-icon-calendar grve-text-white\"><\/span><\/div><div class=\"grve-box-content\"><h3 class=\"grve-box-title grve-h6 grve-text-primary-1\">Rendez-vous<\/h3><p class=\"\">Notre \u00e9quipe d'assistance recueillera tous les d\u00e9tails de votre projet et fixera un rendez-vous.<\/p><\/div><\/div><\/div><\/div><\/div><div class=\"grve-column-inner wpb_column grve-column-1-3  grve-with-bg-transparent\"><div class=\"grve-column-wrapper-inner\"><div class=\"grve-column-inner-content\" ><div data-animation=\"fade-in-up\" data-delay=\"400\" data-duration=\"normal\" class=\"grve-element grve-box-icon grve-small grve-top-icon grve-animated-item grve-align-left\"><div class=\"grve-wrapper-icon\" style=\"\"><span class=\"grve-box-icon et-icon-briefcase grve-text-white\"><\/span><\/div><div class=\"grve-box-content\"><h3 class=\"grve-box-title grve-h6 grve-text-primary-1\">Consultation<\/h3><p class=\"\">Notre technicien qualifi\u00e9 se rendra sur place, v\u00e9rifiera toutes les possibilit\u00e9s et vous aidera \u00e0 visualiser le processus d'installation.<\/p><\/div><\/div><\/div><\/div><\/div><div class=\"grve-column-inner wpb_column grve-column-1-3  grve-with-bg-transparent\"><div class=\"grve-column-wrapper-inner\"><div class=\"grve-column-inner-content\" ><div data-animation=\"fade-in-up\" data-delay=\"300\" data-duration=\"normal\" class=\"grve-element grve-box-icon grve-small grve-top-icon grve-animated-item grve-align-left\"><div class=\"grve-wrapper-icon\" style=\"\"><span class=\"grve-box-icon et-icon-document grve-text-white\"><\/span><\/div><div class=\"grve-box-content\"><h3 class=\"grve-box-title grve-h6 grve-text-primary-1\">Devis d'installation<\/h3><p class=\"\">Vous disposerez d'un devis bien \u00e9tudi\u00e9 pour les appareils demand\u00e9s qui doivent \u00eatre install\u00e9s.<\/p><\/div><\/div><\/div><\/div><\/div><div class=\"grve-column-inner wpb_column grve-column-1  grve-with-bg-transparent\"><div class=\"grve-column-wrapper-inner\"><div class=\"grve-column-inner-content\" ><div class=\"grve-empty-space grve-height-3x\"><\/div><\/div><\/div><\/div><div class=\"grve-column-inner wpb_column grve-column-1-3  grve-with-bg-transparent\"><div class=\"grve-column-wrapper-inner\"><div class=\"grve-column-inner-content\" ><div data-animation=\"fade-in-up\" data-delay=\"300\" data-duration=\"normal\" class=\"grve-element grve-box-icon grve-small grve-top-icon grve-animated-item grve-align-left\"><div class=\"grve-wrapper-icon\" style=\"\"><span class=\"grve-box-icon et-icon-lightbulb grve-text-white\"><\/span><\/div><div class=\"grve-box-content\"><h3 class=\"grve-box-title grve-h6 grve-text-primary-1\">L'innovation<\/h3><p class=\"\">Nous comprenons que chaque projet est unique, c'est pourquoi nous sommes en mesure de proposer la meilleure solution pour votre projet.<\/p><\/div><\/div><\/div><\/div><\/div><div class=\"grve-column-inner wpb_column grve-column-1-3  grve-with-bg-transparent\"><div class=\"grve-column-wrapper-inner\"><div class=\"grve-column-inner-content\" ><div data-animation=\"fade-in-up\" data-delay=\"400\" data-duration=\"normal\" class=\"grve-element grve-box-icon grve-small grve-top-icon grve-animated-item grve-align-left\"><div class=\"grve-wrapper-icon\" style=\"\"><span class=\"grve-box-icon et-icon-tools-2 grve-text-white\"><\/span><\/div><div class=\"grve-box-content\"><h3 class=\"grve-box-title grve-h6 grve-text-primary-1\">Facility<\/h3><p class=\"\">Nos techniciens vous expliqueront comment les appareils seront install\u00e9s et s'il y a des conditions \u00e0 prendre en compte.<\/p><\/div><\/div><\/div><\/div><\/div><div class=\"grve-column-inner wpb_column grve-column-1-3  grve-with-bg-transparent\"><div class=\"grve-column-wrapper-inner\"><div class=\"grve-column-inner-content\" ><div data-animation=\"fade-in-up\" data-delay=\"500\" data-duration=\"normal\" class=\"grve-element grve-box-icon grve-small grve-top-icon grve-animated-item grve-align-left\"><div class=\"grve-wrapper-icon\" style=\"\"><span class=\"grve-box-icon et-icon-chat grve-text-white\"><\/span><\/div><div class=\"grve-box-content\"><h3 class=\"grve-box-title grve-h6 grve-text-primary-1\">Apr\u00e8s l'installation<\/h3><p class=\"\">Il est important d'assurer le suivi de tous les appareils install\u00e9s. Nous sommes \u00e0 votre disposition pour toutes les demandes de suivi et les questions apr\u00e8s l'installation.<\/p><\/div><\/div><\/div><\/div><\/div><\/div><\/div><\/div><\/div><\/div><div class=\"grve-column wpb_column grve-bookmark grve-column-1-12  grve-tablet-column-hide grve-tablet-sm-column-hide grve-with-bg-transparent grve-empty-column\"><div class=\"grve-column-wrapper\"><div class=\"grve-column-content\" ><\/div><\/div><\/div><\/div><\/div><\/div><div class=\"grve-section grve-row-section grve-fullwidth-background grve-padding-top-4x grve-padding-bottom-4x grve-with-bg-transparent\" data-header-color=\"default\"><div class=\"grve-container\"><div class=\"grve-row grve-bookmark grve-columns-gap-default grve-mobile-vertical-gap-30\"><div class=\"grve-column wpb_column grve-bookmark grve-column-1-4  grve-tablet-sm-column-1-12 grve-with-bg-transparent grve-empty-column\"><div class=\"grve-column-wrapper\"><div class=\"grve-column-content\" ><\/div><\/div><\/div><div class=\"grve-column wpb_column grve-bookmark grve-column-1-2  grve-tablet-sm-column-7-12 grve-with-bg-transparent\"><div class=\"grve-column-wrapper\"><div class=\"grve-column-content\" ><h3 data-clipping-color=\"black\" data-animation=\"colored-clipping-left\" data-delay=\"0\" data-duration=\"normal\" class=\"grve-element grve-title grve-align-inherit grve-clipping-animation grve-advanced-animation grve-colored-clipping grve-animated-item grve-subtitle-text grve-text-primary-1\" style=\"margin-bottom: 30px;\"><span>Estimation gratuite<\/span><\/h3><div class=\"grve-element grve-text grve-leader-text\">\r\n\t\t\t<p>Le temps vaut de l'or. Nous nous engageons \u00e0 livrer votre projet dans un d\u00e9lai rapide tout en obtenant le r\u00e9sultat final haut de gamme promis.<\/p>\n\r\n\t\t<\/div>\r\n\t<div style=\"height: 25px;\" class=\"grve-empty-space\"><\/div><div class=\"grve-element grve-align-center\"><a href=\"https:\/\/miainstallations.ca\/contact-us\/\" title=\"Contactez-nous\" class=\"grve-btn grve-square grve-bg-primary-1 grve-border-primary-1 grve-bg-hover-black grve-border-hover-black grve-text-white grve-text-hover-white grve-btn-medium\">\r\n\t\t<span>Obtenir un devis<\/span>\r\n\t\t\t\t\t\t\t<\/a><\/div><div style=\"height: 25px;\" class=\"grve-empty-space\"><\/div><\/div><\/div><\/div><div class=\"grve-column wpb_column grve-bookmark grve-column-1-4  grve-with-bg-transparent\"><div class=\"grve-column-wrapper\"><div class=\"grve-column-content\" ><div class=\"grve-empty-space grve-height-2x\"><\/div><\/div><\/div><\/div><\/div><\/div><\/div>","protected":false},"excerpt":{"rendered":"<p>Impeka is a creative and multipurpose WordPress theme that gives you unparalleled versatility.<\/p>","protected":false},"author":1,"featured_media":0,"parent":0,"menu_order":1,"comment_status":"closed","ping_status":"closed","template":"","meta":{"footnotes":""},"class_list":["post-4922","page","type-page","status-publish","hentry","grve-entry-item"],"_links":{"self":[{"href":"https:\/\/miainstallations.com\/fr\/wp-json\/wp\/v2\/pages\/4922","targetHints":{"allow":["GET"]}}],"collection":[{"href":"https:\/\/miainstallations.com\/fr\/wp-json\/wp\/v2\/pages"}],"about":[{"href":"https:\/\/miainstallations.com\/fr\/wp-json\/wp\/v2\/types\/page"}],"author":[{"embeddable":true,"href":"https:\/\/miainstallations.com\/fr\/wp-json\/wp\/v2\/users\/1"}],"replies":[{"embeddable":true,"href":"https:\/\/miainstallations.com\/fr\/wp-json\/wp\/v2\/comments?post=4922"}],"version-history":[{"count":17,"href":"https:\/\/miainstallations.com\/fr\/wp-json\/wp\/v2\/pages\/4922\/revisions"}],"predecessor-version":[{"id":8430,"href":"https:\/\/miainstallations.com\/fr\/wp-json\/wp\/v2\/pages\/4922\/revisions\/8430"}],"wp:attachment":[{"href":"https:\/\/miainstallations.com\/fr\/wp-json\/wp\/v2\/media?parent=4922"}],"curies":[{"name":"wp","href":"https:\/\/api.w.org\/{rel}","templated":true}]}}