{"id":5010,"date":"2023-05-01T08:56:51","date_gmt":"2023-05-01T08:56:51","guid":{"rendered":"https:\/\/miainstallations.com\/contact-vi\/"},"modified":"2023-07-14T02:54:14","modified_gmt":"2023-07-14T06:54:14","slug":"contactez-nous","status":"publish","type":"page","link":"https:\/\/miainstallations.com\/fr\/contact-us\/","title":{"rendered":"Contactez-nous"},"content":{"rendered":"<div class=\"grve-section grve-row-section grve-fullwidth-background grve-padding-bottom-3x grve-headings-white grve-with-bg-color\" data-header-color=\"light\"  style=\"background-color:#000000;color:#ffffff;\"><div class=\"grve-container\"><div class=\"grve-row grve-bookmark grve-columns-gap-default grve-mobile-vertical-gap-30\"><div class=\"grve-column wpb_column grve-bookmark grve-column-1-6  grve-tablet-sm-column-hide grve-mobile-column-hide grve-with-bg-transparent grve-empty-column\"><div class=\"grve-column-wrapper\"><div class=\"grve-column-content\" ><\/div><\/div><\/div><div class=\"grve-column wpb_column grve-bookmark grve-column-5-6 grve-wpb-1599212377624 grve-tablet-sm-column-1 grve-with-bg-transparent\"><div class=\"grve-column-wrapper\"><div class=\"grve-column-content\" ><h1 class=\"grve-element grve-title grve-align-inherit grve-feature-title\" style=\"margin-bottom: 30px;\"><span>Nous vous remercions d'avoir visit\u00e9 notre site web et d'avoir envisag\u00e9 de prendre contact avec nous.<\/span><\/h1><div class=\"grve-element grve-align-inherit\"><a href=\"#direct-contact\" class=\"grve-btn grve-square grve-bg-primary-1 grve-border-primary-1 grve-bg-hover-black grve-border-hover-black grve-text-white grve-text-hover-white grve-btn-medium\">\r\n\t\t<span>Estimation gratuite<\/span>\r\n\t\t\t\t\t\t\t<\/a><\/div><\/div><\/div><\/div><\/div><\/div><\/div><div class=\"grve-section grve-row-section grve-fullwidth grve-with-bg-transparent\" data-header-color=\"default\"><div class=\"grve-container\"><div class=\"grve-row grve-bookmark grve-columns-gap-default grve-mobile-vertical-gap-30\"><div class=\"grve-column wpb_column grve-bookmark grve-column-1  grve-with-bg-transparent\"><div class=\"grve-column-wrapper\"><div class=\"grve-column-content\" ><div class=\"grve-element grve-divider\"><div class=\"grve-line-divider grve-border\"><\/div><\/div><\/div><\/div><\/div><\/div><\/div><\/div><div class=\"grve-section grve-row-section grve-fullwidth-background grve-padding-top-4x grve-padding-bottom-4x grve-with-bg-transparent\" data-header-color=\"default\"><div class=\"grve-container\"><div class=\"grve-row grve-bookmark grve-columns-gap-default\"><div class=\"grve-column wpb_column grve-bookmark grve-column-1-6  grve-tablet-sm-column-1-6 grve-with-bg-transparent grve-empty-column\"><div class=\"grve-column-wrapper\"><div class=\"grve-column-content\" ><\/div><\/div><\/div><div class=\"grve-column wpb_column grve-bookmark grve-column-2-3  grve-tablet-sm-column-2-3 grve-horizontal-position-center grve-with-bg-transparent grve-align-center\"><div class=\"grve-column-wrapper\"><div class=\"grve-column-content\"  style=\"max-width: 470px;\">\n\t<div class=\"wpb_raw_code wpb_raw_js\" >\n\t\t<div class=\"wpb_wrapper\">\n\t\t\t<!-- Google tag (gtag.js) -->\n<script async src=\"https:\/\/www.googletagmanager.com\/gtag\/js?id=G-R3MDLR25ZC\">\n<\/script>\n<script>\n  window.dataLayer = window.dataLayer || [];\n  function gtag(){dataLayer.push(arguments);}\n  gtag('js', new Date());\n\n  gtag('config', 'G-R3MDLR25ZC');\n<\/script>\n\t\t<\/div>\n\t<\/div>\n<h3 class=\"grve-element grve-title grve-align-inherit grve-h6 grve-text-primary-1\" style=\"margin-bottom: 30px;\"><span>Contactez-nous<\/span><\/h3><h3 class=\"grve-element grve-title grve-align-center grve-h4\"><span><br>\n<p style=\"text-align: center;\">Nous appr\u00e9cions vos commentaires et sommes toujours pr\u00eats \u00e0 vous aider. Que vous ayez une question, une demande de devis ou que vous souhaitiez simplement nous saluer, nous serions ravis d'avoir de vos nouvelles.<br>\n<\/span><\/h3><div style=\"height: 40px;\" class=\"grve-empty-space\"><\/div><\/div><\/div><\/div><div class=\"grve-column wpb_column grve-bookmark grve-column-1-6  grve-tablet-sm-column-1-6 grve-with-bg-transparent grve-empty-column\"><div class=\"grve-column-wrapper\"><div class=\"grve-column-content\" ><\/div><\/div><\/div><div class=\"grve-column wpb_column grve-bookmark grve-column-1  grve-with-bg-transparent\"><div class=\"grve-column-wrapper\"><div class=\"grve-column-content\" ><div class=\"grve-element grve-image grve-align-center\">\r\n\t<div class=\"grve-image-item\">\r\n\t\t\r\n\r\n<div class=\"grve-image-wrapper grve-no-effect\">\r\n\t\t<div class=\"grve-thumbnail-wrapper\"  style=\"width: 1080px;\"><div class=\"grve-thumbnail\"  style=\"padding-top: 41.667%;\"><img loading=\"lazy\" decoding=\"async\" width=\"1080\" height=\"450\" src=\"https:\/\/miainstallations.com\/wp-content\/uploads\/2023\/05\/Untitled-design-38.png\" class=\"attachment-full size-full grve-lazy-load lazyload\" alt=\"mia installations\" data-column-space=\"auto\" data-lazyload=\"\" data-grve-filter=\"yes\" srcset=\"https:\/\/miainstallations.com\/wp-content\/themes\/impeka\/images\/empty\/empty.png\" data-src=\"https:\/\/miainstallations.com\/wp-content\/uploads\/2023\/05\/Untitled-design-38.png\" data-sizes=\"auto\" data-srcset=\"https:\/\/miainstallations.com\/wp-content\/uploads\/2023\/05\/Untitled-design-38.png 1080w, https:\/\/miainstallations.com\/wp-content\/uploads\/2023\/05\/Untitled-design-38-300x125.png 300w, https:\/\/miainstallations.com\/wp-content\/uploads\/2023\/05\/Untitled-design-38-1024x427.png 1024w, https:\/\/miainstallations.com\/wp-content\/uploads\/2023\/05\/Untitled-design-38-768x320.png 768w, https:\/\/miainstallations.com\/wp-content\/uploads\/2023\/05\/Untitled-design-38-600x250.png 600w\" data-expand=\"1\" \/><\/div><\/div>\t<\/div>\r\n\t<\/div>\r\n<\/div>\r\n<div style=\"height: 40px;\" class=\"grve-empty-space\"><\/div><h3 class=\"grve-element grve-title grve-align-inherit grve-h5\"><span><br>\n<p style=\"text-align: center;\">Notre \u00e9quipe d'assistance \u00e0 la client\u00e8le est disponible pour vous aider de 8h00 \u00e0 20h00 du lundi au vendredi, et de 8h00 \u00e0 17h00 le samedi et le dimanche (uniquement en cas d'urgence). Nous nous effor\u00e7ons de r\u00e9pondre \u00e0 toutes les demandes le plus rapidement possible.<br>\n<\/span><\/h3><div style=\"height: 40px;\" class=\"grve-empty-space\"><\/div><\/div><\/div><\/div><div class=\"grve-column wpb_column grve-bookmark grve-column-1  grve-with-bg-transparent\"><div class=\"grve-column-wrapper\"><div class=\"grve-column-content\" ><div class=\"grve-inner-section grve-with-bg-transparent\"><div class=\"grve-row-inner grve-bookmark grve-columns-gap-none\"><div class=\"grve-column-inner wpb_column grve-column-1 grve-wpb-1599023656346 grve-with-bg-transparent grve-align-center grve-animated-item grve-clipping-animation grve-colored-clipping\" data-delay=\"200\" data-duration=\"normal\" data-animation=\"colored-clipping-left\"  data-clipping-color=\"grey\"><div class=\"grve-column-wrapper-inner\"><div class=\"grve-column-inner-content\" ><h3 class=\"grve-element grve-title grve-align-inherit grve-h6 grve-text-primary-1\" style=\"margin-bottom: 18px;\"><span>T\u00e9l\u00e9phone<\/span><\/h3><div style=\"height: 10px;\" class=\"grve-empty-space\"><\/div><h2 class=\"grve-element grve-title grve-align-inherit grve-h4\"><span><a href=\"tel:+15144669986\">(514)466-9986<\/a><\/span><\/h2><\/div><\/div><\/div><\/div><\/div><\/div><\/div><\/div><\/div><\/div><\/div>","protected":false},"excerpt":{"rendered":"<p>Impeka is a creative and multipurpose WordPress theme that gives you unparalleled versatility. <\/p>","protected":false},"author":1,"featured_media":8263,"parent":0,"menu_order":4,"comment_status":"closed","ping_status":"closed","template":"","meta":{"footnotes":""},"class_list":["post-5010","page","type-page","status-publish","has-post-thumbnail","hentry","grve-entry-item"],"_links":{"self":[{"href":"https:\/\/miainstallations.com\/fr\/wp-json\/wp\/v2\/pages\/5010","targetHints":{"allow":["GET"]}}],"collection":[{"href":"https:\/\/miainstallations.com\/fr\/wp-json\/wp\/v2\/pages"}],"about":[{"href":"https:\/\/miainstallations.com\/fr\/wp-json\/wp\/v2\/types\/page"}],"author":[{"embeddable":true,"href":"https:\/\/miainstallations.com\/fr\/wp-json\/wp\/v2\/users\/1"}],"replies":[{"embeddable":true,"href":"https:\/\/miainstallations.com\/fr\/wp-json\/wp\/v2\/comments?post=5010"}],"version-history":[{"count":13,"href":"https:\/\/miainstallations.com\/fr\/wp-json\/wp\/v2\/pages\/5010\/revisions"}],"predecessor-version":[{"id":8472,"href":"https:\/\/miainstallations.com\/fr\/wp-json\/wp\/v2\/pages\/5010\/revisions\/8472"}],"wp:featuredmedia":[{"embeddable":true,"href":"https:\/\/miainstallations.com\/fr\/wp-json\/wp\/v2\/media\/8263"}],"wp:attachment":[{"href":"https:\/\/miainstallations.com\/fr\/wp-json\/wp\/v2\/media?parent=5010"}],"curies":[{"name":"wp","href":"https:\/\/api.w.org\/{rel}","templated":true}]}}