{"id":8476,"date":"2023-07-14T03:09:12","date_gmt":"2023-07-14T07:09:12","guid":{"rendered":"https:\/\/miainstallations.com\/?page_id=8476"},"modified":"2023-07-14T03:51:43","modified_gmt":"2023-07-14T07:51:43","slug":"terms","status":"publish","type":"page","link":"https:\/\/miainstallations.com\/fr\/terms\/","title":{"rendered":"les conditions d'utilisation"},"content":{"rendered":"<div class=\"grve-section grve-row-section grve-fullwidth-background grve-padding-top-1x grve-padding-bottom-1x grve-with-bg-transparent\" data-header-color=\"default\"><div class=\"grve-container\"><div class=\"grve-row grve-bookmark grve-columns-gap-default grve-mobile-vertical-gap-30\"><div class=\"grve-column wpb_column grve-bookmark grve-column-1  grve-with-bg-transparent\"><div class=\"grve-column-wrapper\"><div class=\"grve-column-content\" ><div class=\"grve-element grve-text\">\r\n\t\t\t<p><strong>www.miainstallations.com Conditions d'utilisation<\/strong><\/p>\n<p>Les pr\u00e9sentes conditions d'utilisation (les \"conditions d'utilisation\") r\u00e9gissent l'utilisation du site www.miainstallations.com (le \"site\"). Ce site est d\u00e9tenu et exploit\u00e9 par LES INSTALLATIONS MIA INC. Ce site est un service.<\/p>\n<p>En utilisant ce site, vous indiquez que vous avez lu et compris les pr\u00e9sentes conditions d'utilisation et que vous acceptez de les respecter \u00e0 tout moment.<\/p>\n<div>\n<p><strong>Propri\u00e9t\u00e9 intellectuelle<\/strong><br \/>Tout le contenu publi\u00e9 et mis \u00e0 disposition sur notre site est la propri\u00e9t\u00e9 des INSTALLATIONS MIA INC. et des cr\u00e9ateurs du site. Cela comprend, sans s'y limiter, les images, les textes, les logos, les documents, les fichiers t\u00e9l\u00e9chargeables et tout ce qui contribue \u00e0 la composition de notre site.<\/p>\n<\/div>\n<div>\n<p><strong>Utilisation acceptable<\/strong><br \/>En tant qu'utilisateur de notre site, vous acceptez d'utiliser notre site l\u00e9galement, de ne pas l'utiliser \u00e0 des fins ill\u00e9gales et de ne pas le faire :<\/p>\n<ul>\n<li value=\"1\">violer les droits de propri\u00e9t\u00e9 intellectuelle des propri\u00e9taires du site ou de tout tiers au site ; ou<\/li>\n<li value=\"2\">Agir d'une mani\u00e8re qui pourrait \u00eatre consid\u00e9r\u00e9e comme frauduleuse.<\/li>\n<\/ul>\n<p>Si nous pensons que vous utilisez notre site ill\u00e9galement ou d'une mani\u00e8re qui viole les pr\u00e9sentes conditions d'utilisation, nous nous r\u00e9servons le droit de limiter, de suspendre ou de r\u00e9silier votre acc\u00e8s \u00e0 notre site. Nous nous r\u00e9servons \u00e9galement le droit de prendre toutes les mesures juridiques n\u00e9cessaires pour vous emp\u00eacher d'acc\u00e9der \u00e0 notre site.<\/p>\n<\/div>\n<div>\n<p><strong>Liens vers d'autres sites web<\/strong><br \/>Notre site contient des liens vers des sites web ou des services de tiers que nous ne poss\u00e9dons pas et ne contr\u00f4lons pas. Nous ne sommes pas responsables du contenu, des politiques ou des pratiques des sites web ou des services de tiers li\u00e9s \u00e0 notre site. Il vous incombe de lire les conditions d'utilisation et les politiques de confidentialit\u00e9 de ces sites tiers avant de les utiliser.<\/p>\n<\/div>\n<div>\n<p><strong>Limitation de la responsabilit\u00e9<\/strong><br \/>Les INSTALLATIONS MIA INC. et leurs administrateurs, dirigeants, agents, employ\u00e9s, filiales et soci\u00e9t\u00e9s affili\u00e9es ne seront pas responsables des actions, r\u00e9clamations, pertes, dommages, responsabilit\u00e9s et d\u00e9penses, y compris les frais de justice, r\u00e9sultant de votre utilisation du site.<\/p>\n<\/div>\n<div>\n<p><strong>Indemnit\u00e9<\/strong><br \/>Sauf si la loi l'interdit, l'utilisation de ce site vous permet d'indemniser et de d\u00e9gager de toute responsabilit\u00e9 MIA INSTALLATIONS INC. et ses administrateurs, dirigeants, agents, employ\u00e9s, filiales et soci\u00e9t\u00e9s affili\u00e9es en cas d'actions, de r\u00e9clamations, de pertes, de dommages, de responsabilit\u00e9s et de d\u00e9penses, y compris les frais de justice, r\u00e9sultant de votre utilisation de notre site ou de votre violation des pr\u00e9sentes conditions d'utilisation.<\/p>\n<\/div>\n<div>\n<p><strong>Droit applicable<\/strong><br \/>Les pr\u00e9sentes conditions d'utilisation sont r\u00e9gies par les lois de la province de Qu\u00e9bec.<\/p>\n<\/div>\n<div>\n<p><strong>S\u00e9v\u00e9rit\u00e9<\/strong><br \/>Si, \u00e0 un moment quelconque, l'une des dispositions \u00e9nonc\u00e9es dans les pr\u00e9sentes conditions d'utilisation s'av\u00e8re incompatible ou invalide au regard des lois applicables, cette disposition sera consid\u00e9r\u00e9e comme nulle et sera supprim\u00e9e des pr\u00e9sentes conditions d'utilisation. Toutes les autres dispositions ne seront pas affect\u00e9es par cette suppression et le reste des pr\u00e9sentes conditions d'utilisation sera toujours consid\u00e9r\u00e9 comme valide.<\/p>\n<\/div>\n<div>\n<p><strong>Changements<\/strong><br \/>Les pr\u00e9sentes conditions d'utilisation peuvent \u00eatre modifi\u00e9es de temps \u00e0 autre afin de rester conformes \u00e0 la loi et de refl\u00e9ter tout changement dans la mani\u00e8re dont nous exploitons notre site et dans la mani\u00e8re dont nous attendons des utilisateurs qu'ils se comportent sur notre site. Nous informerons les utilisateurs par courrier \u00e9lectronique des modifications apport\u00e9es aux pr\u00e9sentes conditions d'utilisation ou publierons un avis sur notre site.<\/p>\n<\/div>\n<div>\n<p><strong>Coordonn\u00e9es<\/strong><br \/>N'h\u00e9sitez pas \u00e0 nous contacter si vous avez des questions ou des pr\u00e9occupations. Nos coordonn\u00e9es sont les suivantes :<\/p>\n<p>(514) 466-9986<br \/>info@miainstallations.com<br \/>Montr\u00e9al QC, Canada<\/p>\n<p>Vous pouvez \u00e9galement nous contacter par le biais du <a href=\"https:\/\/miainstallations.com\/fr\/contactez-nous\/#direct-contact\">formulaire de contact<\/a> disponible sur notre site.<\/p>\n<\/div>\n\r\n\t\t<\/div>\r\n\t<\/div><\/div><\/div><\/div><\/div><\/div>","protected":false},"excerpt":{"rendered":"www.miainstallations.com Terms of use These terms of use (the \"Terms of use\") govern the use of www.miainstallations.com (the \"Site\"). This Site is owned and operated by MIA INSTALLATIONS INC.. This Site is a services. By using this Site, you indicate that you have read and understand these Terms of use and agree to abide by [...]","protected":false},"author":1,"featured_media":8262,"parent":0,"menu_order":0,"comment_status":"closed","ping_status":"closed","template":"","meta":{"footnotes":""},"class_list":["post-8476","page","type-page","status-publish","has-post-thumbnail","hentry","grve-entry-item"],"_links":{"self":[{"href":"https:\/\/miainstallations.com\/fr\/wp-json\/wp\/v2\/pages\/8476","targetHints":{"allow":["GET"]}}],"collection":[{"href":"https:\/\/miainstallations.com\/fr\/wp-json\/wp\/v2\/pages"}],"about":[{"href":"https:\/\/miainstallations.com\/fr\/wp-json\/wp\/v2\/types\/page"}],"author":[{"embeddable":true,"href":"https:\/\/miainstallations.com\/fr\/wp-json\/wp\/v2\/users\/1"}],"replies":[{"embeddable":true,"href":"https:\/\/miainstallations.com\/fr\/wp-json\/wp\/v2\/comments?post=8476"}],"version-history":[{"count":5,"href":"https:\/\/miainstallations.com\/fr\/wp-json\/wp\/v2\/pages\/8476\/revisions"}],"predecessor-version":[{"id":8481,"href":"https:\/\/miainstallations.com\/fr\/wp-json\/wp\/v2\/pages\/8476\/revisions\/8481"}],"wp:featuredmedia":[{"embeddable":true,"href":"https:\/\/miainstallations.com\/fr\/wp-json\/wp\/v2\/media\/8262"}],"wp:attachment":[{"href":"https:\/\/miainstallations.com\/fr\/wp-json\/wp\/v2\/media?parent=8476"}],"curies":[{"name":"wp","href":"https:\/\/api.w.org\/{rel}","templated":true}]}}